{"id":73,"date":"2015-11-10T14:52:59","date_gmt":"2015-11-10T14:52:59","guid":{"rendered":"http:\/\/qkthemes-demo.com\/wordpress\/construct\/?page_id=73"},"modified":"2024-11-25T12:39:47","modified_gmt":"2024-11-25T12:39:47","slug":"vens-en-bici","status":"publish","type":"page","link":"https:\/\/cyclolock.com\/ca\/parquing-bicicletes-esdeveniments\/vens-en-bici\/","title":{"rendered":"Vens en bici \/ patinet?"},"content":{"rendered":"<section class=\"wpb-content-wrapper\">[vc_row full_width=&#8221;stretch_row&#8221; css=&#8221;.vc_custom_1732538235501{background-color: #383d3d !important;}&#8221;][vc_column][vc_custom_heading source=&#8221;post_title&#8221; font_container=&#8221;tag:h1|text_align:left|color:%23ffffff|line_height:2&#8243; google_fonts=&#8221;font_family:ABeeZee%3Aregular%2Citalic|font_style:400%20regular%3A400%3Anormal&#8221;][\/vc_column][\/vc_row][vc_row css=&#8221;.vc_custom_1458302466678{margin-top: 50px !important;}&#8221;][vc_column width=&#8221;2\/3&#8243;][vc_column_text el_class=&#8221;introduction&#8221;]Assistir a concerts, festivals, esdeveniments esportius, fires o festes populars s\u00f3n activitats que formen part del nostre dia a dia, per que no anar-hi en bici?[\/vc_column_text][\/vc_column][vc_column width=&#8221;1\/4&#8243;][\/vc_column][\/vc_row][vc_row el_class=&#8221;services-section&#8221; css=&#8221;.vc_custom_1456329230979{margin-top: 20px !important;}&#8221;][vc_column width=&#8221;2\/3&#8243;][vc_single_image image=&#8221;1160&#8243; img_size=&#8221;full&#8221; alignment=&#8221;center&#8221;][\/vc_column][vc_column width=&#8221;1\/4&#8243;][vc_btn title=&#8221;VENS EN BICI \/ PATINET?&#8221; style=&#8221;custom&#8221; custom_background=&#8221;#54d07c&#8221; custom_text=&#8221;#ffffff&#8221; shape=&#8221;square&#8221; align=&#8221;left&#8221; button_block=&#8221;true&#8221;][vc_btn title=&#8221;ORGANITZES UN ESDEVENIMENT?&#8221; style=&#8221;custom&#8221; custom_background=&#8221;#eaeaea&#8221; custom_text=&#8221;#000000&#8243; shape=&#8221;square&#8221; align=&#8221;left&#8221; button_block=&#8221;true&#8221; link=&#8221;url:https%3A%2F%2Fcyclolock.com%2Fca%2Fparquing-bicicletes-esdeveniments%2Forganitzes-un-esdeveniment%2F||&#8221;][vc_btn title=&#8221;VOLS COL\u00b7LABORAR COM SPONSOR?&#8221; style=&#8221;custom&#8221; custom_background=&#8221;#eaeaea&#8221; custom_text=&#8221;#000000&#8243; shape=&#8221;square&#8221; align=&#8221;left&#8221; button_block=&#8221;true&#8221; link=&#8221;url:https%3A%2F%2Fcyclolock.com%2Fca%2Fparquing-bicicletes-esdeveniments%2Fcolaborar-com-sponsor%2F||&#8221;][vc_btn title=&#8221;VENTA D&#8217;ESTRUCTURES CYCLOLOCK&#8221; style=&#8221;custom&#8221; custom_background=&#8221;#eaeaea&#8221; custom_text=&#8221;#000000&#8243; shape=&#8221;square&#8221; align=&#8221;left&#8221; button_block=&#8221;true&#8221; link=&#8221;url:https%3A%2F%2Fcyclolock.com%2Fca%2Fparquing-bicicletes-esdeveniments%2Fventa-estructures-cyclolock%2F||&#8221;][\/vc_column][\/vc_row][vc_row css=&#8221;.vc_custom_1457360047247{margin-top: 20px !important;margin-bottom: 50px !important;}&#8221;][vc_column width=&#8221;2\/3&#8243;][vc_column_text]Poques vegades trobem espais on\u00a0deixar la bicicleta de forma c\u00f2mode i segura, i optem per altres modalitats de transport.<\/p>\n<p>El servei de p\u00e0rquing vigilat ofert per <strong>CYCLOLOCK<\/strong> et permetr\u00e0 venir\u00a0amb el teu mitj\u00e0 de transport actiu habitual (bicicleta, patinet, monopat\u00ed&#8230;)\u00a0 i deixar-lo en bones mans mentre gaudeixes de la festa.<\/p>\n<p><strong>Ajuda\u2019ns a crear municipis m\u00e9s ciclables i sociables donant a con\u00e8ixer el nostre servei als esdeveniments que m\u00e9s t&#8217;agraden.<\/strong>[\/vc_column_text][vc_message message_box_style=&#8221;solid&#8221; style=&#8221;square&#8221; message_box_color=&#8221;grey&#8221; icon_type=&#8221;entypo&#8221; icon_entypo=&#8221;entypo-icon entypo-icon-quote&#8221; css=&#8221;.vc_custom_1458644184208{margin-top: 20px !important;}&#8221;]Cyclolock ofereix la possibilitat d\u2019arribar amb facilitat als esdeveniments, amb la tranquil\u00b7litat de que trobar\u00e0s un espai on guardar la teva bici de forma r\u00e0pida i segura.[\/vc_message][\/vc_column][vc_column width=&#8221;1\/3&#8243;][\/vc_column][\/vc_row][vc_row full_width=&#8221;stretch_row_content_no_spaces&#8221; el_class=&#8221;banner-section&#8221; css=&#8221;.vc_custom_1717779469680{background-color: #ffffff !important;}&#8221;][vc_column width=&#8221;2\/3&#8243; css=&#8221;.vc_custom_1684873392337{padding-top: 0px !important;}&#8221;][vc_btn title=&#8221;INSTRUCCIONS APARCAMENT LLIURE VIGILAT&#8221; style=&#8221;custom&#8221; custom_background=&#8221;#9790ff&#8221; custom_text=&#8221;#ffffff&#8221; size=&#8221;lg&#8221; align=&#8221;center&#8221; link=&#8221;url:https%3A%2F%2Fcyclolock.com%2Fca%2Fparquing-bicicletes-esdeveniments%2Fvens-en-bici%2Finstructions_lliure_vigilat%2F|title:INSTRUCCIONS%20LLIURE%20VIGILAT|target:_blank&#8221;][\/vc_column][vc_column width=&#8221;1\/3&#8243;][\/vc_column][\/vc_row][vc_row full_width=&#8221;stretch_row_content_no_spaces&#8221; el_class=&#8221;banner-section&#8221; css=&#8221;.vc_custom_1732538374595{background-color: #4d44cb !important;}&#8221;][vc_column css=&#8221;.vc_custom_1684873392337{padding-top: 0px !important;}&#8221;][vc_column_text css=&#8221;.vc_custom_1684873324400{padding-top: 0px !important;}&#8221;]\n<h4 style=\"text-align: center;\"><span style=\"color: #ffffff;\"><strong>TENS DUBTES? VISITA LES NOSTRES<\/strong> \u00a0<a class=\"button-one\" style=\"color: #ffffff;\" href=\"\/ca\/faqs-parquing-bicis-esdeveniments\/\">FAQs<\/a><\/span><\/h4>\n[\/vc_column_text][\/vc_column][\/vc_row][vc_row el_class=&#8221;news-section&#8221;][vc_column][vc_basic_grid post_type=&#8221;post&#8221; max_items=&#8221;4&#8243; element_width=&#8221;3&#8243; item=&#8221;basicGrid_NoAnimation&#8221; grid_id=&#8221;vc_gid:1732538214858-94962feab49d8f7883f6ccc56c904836-4&#8243;][\/vc_column][\/vc_row]\n<\/section>","protected":false},"excerpt":{"rendered":"<p>[vc_row full_width=&#8221;stretch_row&#8221; css=&#8221;.vc_custom_1732538235501{background-color: #383d3d !important;}&#8221;][vc_column][vc_custom_heading source=&#8221;post_title&#8221; font_container=&#8221;tag:h1|text_align:left|color:%23ffffff|line_height:2&#8243; google_fonts=&#8221;font_family:ABeeZee%3Aregular%2Citalic|font_style:400%20regular%3A400%3Anormal&#8221;][\/vc_column][\/vc_row][vc_row css=&#8221;.vc_custom_1458302466678{margin-top: 50px !important;}&#8221;][vc_column width=&#8221;2\/3&#8243;][vc_column_text el_class=&#8221;introduction&#8221;]Assistir a concerts, festivals, esdeveniments esportius, fires o festes populars s\u00f3n activitats que formen part del nostre dia&#8230;<\/p>\n","protected":false},"author":4,"featured_media":0,"parent":71,"menu_order":38,"comment_status":"closed","ping_status":"closed","template":"","meta":{"_acf_changed":false,"footnotes":""},"class_list":["post-73","page","type-page","status-publish"],"acf":[],"_links":{"self":[{"href":"https:\/\/cyclolock.com\/ca\/wp-json\/wp\/v2\/pages\/73","targetHints":{"allow":["GET"]}}],"collection":[{"href":"https:\/\/cyclolock.com\/ca\/wp-json\/wp\/v2\/pages"}],"about":[{"href":"https:\/\/cyclolock.com\/ca\/wp-json\/wp\/v2\/types\/page"}],"author":[{"embeddable":true,"href":"https:\/\/cyclolock.com\/ca\/wp-json\/wp\/v2\/users\/4"}],"replies":[{"embeddable":true,"href":"https:\/\/cyclolock.com\/ca\/wp-json\/wp\/v2\/comments?post=73"}],"version-history":[{"count":82,"href":"https:\/\/cyclolock.com\/ca\/wp-json\/wp\/v2\/pages\/73\/revisions"}],"predecessor-version":[{"id":3033,"href":"https:\/\/cyclolock.com\/ca\/wp-json\/wp\/v2\/pages\/73\/revisions\/3033"}],"up":[{"embeddable":true,"href":"https:\/\/cyclolock.com\/ca\/wp-json\/wp\/v2\/pages\/71"}],"wp:attachment":[{"href":"https:\/\/cyclolock.com\/ca\/wp-json\/wp\/v2\/media?parent=73"}],"curies":[{"name":"wp","href":"https:\/\/api.w.org\/{rel}","templated":true}]}}