{"id":317,"date":"2016-03-07T10:55:41","date_gmt":"2016-03-07T10:55:41","guid":{"rendered":"https:\/\/cyclolock.com\/?page_id=317"},"modified":"2024-11-25T12:53:12","modified_gmt":"2024-11-25T12:53:12","slug":"altres-serveis","status":"publish","type":"page","link":"https:\/\/cyclolock.com\/ca\/parquing-bicicletes-esdeveniments\/organitzes-un-esdeveniment\/altres-serveis\/","title":{"rendered":"Altres serveis"},"content":{"rendered":"<section class=\"wpb-content-wrapper\">[vc_row full_width=&#8221;stretch_row&#8221; css=&#8221;.vc_custom_1732538875322{background-color: #383d3d !important;}&#8221;][vc_column css=&#8221;.vc_custom_1684780099418{margin-top: 0px !important;padding-top: 0px !important;}&#8221;][vc_custom_heading source=&#8221;post_title&#8221; font_container=&#8221;tag:h1|text_align:left|color:%23ffffff|line_height:2&#8243; google_fonts=&#8221;font_family:ABeeZee%3Aregular%2Citalic|font_style:400%20regular%3A400%3Anormal&#8221;][\/vc_column][\/vc_row][vc_row el_class=&#8221;tabs-section&#8221;][vc_column width=&#8221;1\/3&#8243; el_class=&#8221;about-us-box&#8221;][vc_row_inner][vc_column_inner width=&#8221;1\/4&#8243;][vc_icon type=&#8221;entypo&#8221; icon_entypo=&#8221;entypo-icon entypo-icon-location&#8221; color=&#8221;custom&#8221; background_style=&#8221;boxed&#8221; background_color=&#8221;custom&#8221; size=&#8221;lg&#8221; custom_color=&#8221;#ffffff&#8221; custom_background_color=&#8221;#54d07c&#8221; css=&#8221;.vc_custom_1732538897506{margin-top: 5px !important;}&#8221;][\/vc_column_inner][vc_column_inner width=&#8221;3\/4&#8243;][vc_column_text]\n<div class=\"about-us-post\">\n<p><strong>Servei de guarderia per a altres mitjans de mobilitat activa<\/strong><br \/>\n(Monopatins, patins, cotxets de nad\u00f3, maletes, etc.)<\/div>\n<div class=\"about-us-post\"><\/div>\n[\/vc_column_text][\/vc_column_inner][\/vc_row_inner][\/vc_column][vc_column width=&#8221;1\/3&#8243; el_class=&#8221;about-us-box&#8221;][vc_row_inner][vc_column_inner width=&#8221;1\/4&#8243;][vc_icon type=&#8221;entypo&#8221; icon_entypo=&#8221;entypo-icon entypo-icon-flashlight&#8221; color=&#8221;custom&#8221; background_style=&#8221;boxed&#8221; background_color=&#8221;custom&#8221; size=&#8221;lg&#8221; custom_color=&#8221;#ffffff&#8221; custom_background_color=&#8221;#54d07c&#8221; css=&#8221;.vc_custom_1732538907135{margin-top: 5px !important;}&#8221;][\/vc_column_inner][vc_column_inner width=&#8221;3\/4&#8243;][vc_column_text]\n<div class=\"about-us-post\">\n<p><strong>Suport mec\u00e0nic<\/strong><br \/>\n(Zona d&#8217;autoreparaci\u00f3 de bicicletes; Taller b\u00e0sic de mec\u00e0nica)<\/div>\n<div class=\"about-us-post\"><\/div>\n[\/vc_column_text][\/vc_column_inner][\/vc_row_inner][\/vc_column][vc_column width=&#8221;1\/3&#8243; el_class=&#8221;about-us-box&#8221;][vc_row_inner][vc_column_inner width=&#8221;1\/4&#8243;][vc_icon type=&#8221;entypo&#8221; icon_entypo=&#8221;entypo-icon entypo-icon-users&#8221; color=&#8221;custom&#8221; background_style=&#8221;boxed&#8221; background_color=&#8221;custom&#8221; size=&#8221;lg&#8221; custom_color=&#8221;#ffffff&#8221; custom_background_color=&#8221;#54d07c&#8221; css=&#8221;.vc_custom_1732538917909{margin-top: 5px !important;}&#8221;][\/vc_column_inner][vc_column_inner width=&#8221;3\/4&#8243;][vc_column_text]\n<div class=\"about-us-post\">\n<p>Col\u00b7laboraci\u00f3 en projectes dinserci\u00f3 laboral de persones en risc d&#8217;exclusi\u00f3 social<\/p><\/div>\n<div class=\"about-us-post\"><\/div>\n[\/vc_column_text][\/vc_column_inner][\/vc_row_inner][\/vc_column][\/vc_row][vc_row el_class=&#8221;tabs-section&#8221;][vc_column width=&#8221;1\/3&#8243; el_class=&#8221;about-us-box&#8221;][vc_row_inner][vc_column_inner width=&#8221;1\/4&#8243;][vc_icon type=&#8221;openiconic&#8221; icon_openiconic=&#8221;vc-oi vc-oi-heart-empty&#8221; color=&#8221;custom&#8221; background_style=&#8221;boxed&#8221; background_color=&#8221;custom&#8221; size=&#8221;lg&#8221; custom_color=&#8221;#ffffff&#8221; custom_background_color=&#8221;#54d07c&#8221; css=&#8221;.vc_custom_1732538929441{margin-top: 5px !important;}&#8221;][\/vc_column_inner][vc_column_inner width=&#8221;3\/4&#8243;][vc_column_text]\n<div class=\"about-us-post\">\n<p><strong>Promoci\u00f3 de l\u00b4\u00fas de la bicicleta<\/strong><br \/>\n(Campanyes de sensibilitzaci\u00f3, bici-escola, jocs infantils amb bici&#8230;)<\/div>\n<div class=\"about-us-post\"><\/div>\n[\/vc_column_text][\/vc_column_inner][\/vc_row_inner][\/vc_column][vc_column width=&#8221;1\/3&#8243; el_class=&#8221;about-us-box&#8221;][vc_row_inner][vc_column_inner width=&#8221;1\/4&#8243;][vc_icon type=&#8221;material&#8221; icon_material=&#8221;vc-material vc-material-battery_charging_full&#8221; color=&#8221;custom&#8221; background_style=&#8221;boxed&#8221; background_color=&#8221;custom&#8221; size=&#8221;lg&#8221; custom_color=&#8221;#ffffff&#8221; custom_background_color=&#8221;#54d07c&#8221; css=&#8221;.vc_custom_1732538938820{margin-top: 5px !important;}&#8221;][\/vc_column_inner][vc_column_inner width=&#8221;3\/4&#8243;][vc_column_text]\n<div class=\"about-us-post\">\n<p>Zona de c\u00e0rrega per a bicicletes el\u00e8ctriques<\/p><\/div>\n<div class=\"about-us-post\"><\/div>\n[\/vc_column_text][\/vc_column_inner][\/vc_row_inner][\/vc_column][vc_column width=&#8221;1\/3&#8243; el_class=&#8221;about-us-box&#8221;][vc_row_inner][vc_column_inner width=&#8221;1\/4&#8243;][vc_icon type=&#8221;entypo&#8221; icon_entypo=&#8221;entypo-icon entypo-icon-leaf&#8221; color=&#8221;custom&#8221; background_style=&#8221;boxed&#8221; background_color=&#8221;custom&#8221; size=&#8221;lg&#8221; custom_color=&#8221;#ffffff&#8221; custom_background_color=&#8221;#54d07c&#8221; css=&#8221;.vc_custom_1732538947123{margin-top: 5px !important;}&#8221;][\/vc_column_inner][vc_column_inner width=&#8221;3\/4&#8243;][vc_column_text]\n<div class=\"about-us-post\">\n<p>C\u00e0lcul de la reducci\u00f3 de la petjada de carboni a cada esdeveniment<\/p><\/div>\n<div class=\"about-us-post\"><\/div>\n[\/vc_column_text][\/vc_column_inner][\/vc_row_inner][\/vc_column][\/vc_row][vc_row el_class=&#8221;tabs-section&#8221;][vc_column width=&#8221;1\/3&#8243; el_class=&#8221;about-us-box&#8221;][vc_row_inner][vc_column_inner width=&#8221;1\/4&#8243;][vc_icon type=&#8221;entypo&#8221; icon_entypo=&#8221;entypo-icon entypo-icon-tools&#8221; color=&#8221;custom&#8221; background_style=&#8221;boxed&#8221; background_color=&#8221;custom&#8221; size=&#8221;lg&#8221; custom_color=&#8221;#ffffff&#8221; custom_background_color=&#8221;#54d07c&#8221; css=&#8221;.vc_custom_1732538956883{margin-top: 5px !important;}&#8221;][\/vc_column_inner][vc_column_inner width=&#8221;3\/4&#8243;][vc_column_text]\n<div class=\"about-us-post\">\n<p><strong>ITB<\/strong><br \/>\n(Inspecci\u00f3 T\u00e8cnica de la Bici)<\/div>\n<div class=\"about-us-post\"><\/div>\n[\/vc_column_text][\/vc_column_inner][\/vc_row_inner][\/vc_column][vc_column width=&#8221;1\/3&#8243; el_class=&#8221;about-us-box&#8221;][vc_row_inner][vc_column_inner width=&#8221;1\/4&#8243;][vc_icon type=&#8221;entypo&#8221; icon_entypo=&#8221;entypo-icon entypo-icon-book-open&#8221; color=&#8221;custom&#8221; background_style=&#8221;boxed&#8221; background_color=&#8221;custom&#8221; size=&#8221;lg&#8221; custom_color=&#8221;#ffffff&#8221; custom_background_color=&#8221;#54d07c&#8221; css=&#8221;.vc_custom_1732538964573{margin-top: 5px !important;}&#8221;][\/vc_column_inner][vc_column_inner width=&#8221;3\/4&#8243;][vc_column_text]\n<div class=\"about-us-post\">\n<p>Consultoria de mobilitat activa<\/p><\/div>\n<div class=\"about-us-post\"><\/div>\n[\/vc_column_text][\/vc_column_inner][\/vc_row_inner][\/vc_column][vc_column width=&#8221;1\/3&#8243; el_class=&#8221;about-us-box&#8221;][vc_row_inner][vc_column_inner width=&#8221;1\/4&#8243;][vc_icon type=&#8221;entypo&#8221; icon_entypo=&#8221;entypo-icon entypo-icon-mobile&#8221; color=&#8221;custom&#8221; background_style=&#8221;boxed&#8221; background_color=&#8221;custom&#8221; size=&#8221;lg&#8221; custom_color=&#8221;#ffffff&#8221; custom_background_color=&#8221;#54d07c&#8221; css=&#8221;.vc_custom_1732539008519{margin-top: 5px !important;}&#8221;][\/vc_column_inner][vc_column_inner width=&#8221;3\/4&#8243;][vc_column_text]\n<div class=\"about-us-post\">\n<p>Reserva d&#8217;aparcament on-line<\/p><\/div>\n<div class=\"about-us-post\"><\/div>\n[\/vc_column_text][\/vc_column_inner][\/vc_row_inner][\/vc_column][\/vc_row][vc_row full_width=&#8221;stretch_row&#8221; css=&#8221;.vc_custom_1732539054689{padding-top: 0px !important;background-color: #4d44cb !important;}&#8221;][vc_column css=&#8221;.vc_custom_1684875746289{padding-top: 0px !important;}&#8221;][vc_custom_heading text=&#8221;ESDEVENIMENTS ON HEM ESTAT&#8221; font_container=&#8221;tag:h4|text_align:center|color:%23ffffff|line_height:4&#8243; google_fonts=&#8221;font_family:ABeeZee%3Aregular%2Citalic|font_style:400%20regular%3A400%3Anormal&#8221;][\/vc_column][\/vc_row][vc_row el_class=&#8221;portfolio-section&#8221;][vc_column][vc_basic_grid post_type=&#8221;portfolio&#8221; max_items=&#8221;4&#8243; element_width=&#8221;3&#8243; grid_id=&#8221;vc_gid:1732538852691-85d74c5ceb860c030b500098a00bf570-0&#8243;][\/vc_column][\/vc_row]\n<\/section>","protected":false},"excerpt":{"rendered":"<p>[vc_row full_width=&#8221;stretch_row&#8221; css=&#8221;.vc_custom_1732538875322{background-color: #383d3d !important;}&#8221;][vc_column css=&#8221;.vc_custom_1684780099418{margin-top: 0px !important;padding-top: 0px !important;}&#8221;][vc_custom_heading source=&#8221;post_title&#8221; font_container=&#8221;tag:h1|text_align:left|color:%23ffffff|line_height:2&#8243; google_fonts=&#8221;font_family:ABeeZee%3Aregular%2Citalic|font_style:400%20regular%3A400%3Anormal&#8221;][\/vc_column][\/vc_row][vc_row el_class=&#8221;tabs-section&#8221;][vc_column width=&#8221;1\/3&#8243; el_class=&#8221;about-us-box&#8221;][vc_row_inner][vc_column_inner width=&#8221;1\/4&#8243;][vc_icon type=&#8221;entypo&#8221; icon_entypo=&#8221;entypo-icon entypo-icon-location&#8221; color=&#8221;custom&#8221; background_style=&#8221;boxed&#8221; background_color=&#8221;custom&#8221; size=&#8221;lg&#8221; custom_color=&#8221;#ffffff&#8221; custom_background_color=&#8221;#54d07c&#8221; css=&#8221;.vc_custom_1732538897506{margin-top: 5px !important;}&#8221;][\/vc_column_inner][vc_column_inner width=&#8221;3\/4&#8243;][vc_column_text]&#8230;<\/p>\n","protected":false},"author":2,"featured_media":0,"parent":124,"menu_order":14,"comment_status":"closed","ping_status":"closed","template":"","meta":{"_acf_changed":false,"footnotes":""},"class_list":["post-317","page","type-page","status-publish"],"acf":[],"_links":{"self":[{"href":"https:\/\/cyclolock.com\/ca\/wp-json\/wp\/v2\/pages\/317","targetHints":{"allow":["GET"]}}],"collection":[{"href":"https:\/\/cyclolock.com\/ca\/wp-json\/wp\/v2\/pages"}],"about":[{"href":"https:\/\/cyclolock.com\/ca\/wp-json\/wp\/v2\/types\/page"}],"author":[{"embeddable":true,"href":"https:\/\/cyclolock.com\/ca\/wp-json\/wp\/v2\/users\/2"}],"replies":[{"embeddable":true,"href":"https:\/\/cyclolock.com\/ca\/wp-json\/wp\/v2\/comments?post=317"}],"version-history":[{"count":32,"href":"https:\/\/cyclolock.com\/ca\/wp-json\/wp\/v2\/pages\/317\/revisions"}],"predecessor-version":[{"id":3037,"href":"https:\/\/cyclolock.com\/ca\/wp-json\/wp\/v2\/pages\/317\/revisions\/3037"}],"up":[{"embeddable":true,"href":"https:\/\/cyclolock.com\/ca\/wp-json\/wp\/v2\/pages\/124"}],"wp:attachment":[{"href":"https:\/\/cyclolock.com\/ca\/wp-json\/wp\/v2\/media?parent=317"}],"curies":[{"name":"wp","href":"https:\/\/api.w.org\/{rel}","templated":true}]}}