{"id":2,"date":"2016-02-18T07:32:56","date_gmt":"2016-02-18T07:32:56","guid":{"rendered":"https:\/\/cyclolock.com\/?page_id=2"},"modified":"2024-11-25T13:03:11","modified_gmt":"2024-11-25T13:03:11","slug":"faqs-parquing-bicis-esdeveniments","status":"publish","type":"page","link":"https:\/\/cyclolock.com\/ca\/faqs-parquing-bicis-esdeveniments\/","title":{"rendered":"FAQs"},"content":{"rendered":"<section class=\"wpb-content-wrapper\">[vc_row full_width=&#8221;stretch_row&#8221; css=&#8221;.vc_custom_1732539774005{background-color: #383d3d !important;}&#8221;][vc_column][vc_custom_heading source=&#8221;post_title&#8221; font_container=&#8221;tag:h1|text_align:left|color:%23ffffff&#8221; google_fonts=&#8221;font_family:ABeeZee%3Aregular%2Citalic|font_style:400%20regular%3A400%3Anormal&#8221;][\/vc_column][\/vc_row][vc_row css=&#8221;.vc_custom_1457346150956{margin-top: 50px !important;margin-bottom: 50px !important;}&#8221;][vc_column width=&#8221;1\/2&#8243;][vc_toggle title=&#8221;Com funciona?&#8221; el_id=&#8221;1456235461147-1ba0e13d-469d&#8221;]Tenim dos variants per tal de que pugueu gaudir de l\u2019esdeveniment sense preocupar-vos de la vostra bicicleta:<\/p>\n<ul>\n<li><strong>P\u00e0rquing lliure vigilat<\/strong>: nosaltres ens encarreguem de la delimitaci\u00f3 del per\u00edmetre i la vigil\u00e0ncia general de la zona de p\u00e0rquing, i vosaltres us heu d\u2019encarregar de lligar la bici amb els vostres mitjans de manera segura a l\u2019estructura.<\/li>\n<li><strong>Servei de guarderia<\/strong>: ens entregueu en consigna la bici, l\u2019identifiquem amb un n\u00famero, i rebeu un tiquet numerat. Despr\u00e9s de l&#8217;esdeveniment, al entregar el tiquet, et tornem la bicicleta. \u00c9s com un servei de guarda-roba on nosaltres tenim cura de la vostra bicicleta.<\/li>\n<\/ul>\n[\/vc_toggle][vc_toggle title=&#8221;He de fer cua?&#8221; el_id=&#8221;1456235563262-402959a2-a479&#8243;]El <strong>p\u00e0rquing lliure vigilat<\/strong> es un servei especialment pensat per esdeveniments massius amb una hora d\u2019inici i de finalitzaci\u00f3 concretes, on tothom est\u00e0 deixant la bici al mateix temps o de forma esglaonada, depenent del tipus d\u2019esdeveniment. El servei dona autonomia de moviments als usuaris i fa m\u00e9s fluida l\u2019entrada i sortida de bicis, per tant es molt poc probable que es formin cues.<\/p>\n<p>En el cas de la <strong>guarderia de bicis<\/strong>, gestionarem les bicicletes el m\u00e9s r\u00e0pid possible, tot i aix\u00ed recomanem que vingueu amb prou antelaci\u00f3 (obrim el servei de p\u00e0rquing 1 hora abans de l\u2019inici de l\u2019esdeveniment), i sigueu pacients en el cas de que es formin cues a la recollida.[\/vc_toggle][vc_toggle title=&#8221;Puc deixar les meves coses amb la meva bicicleta?&#8221; el_id=&#8221;1456235562524-d6b71833-aa2e&#8221;]Com ens \u00e9s molt complicat fer un inventari dels accessoris de la teva bici, no ens en podem fer responsables.<\/p>\n<p>En el cas del servei de <strong>p\u00e0rquing lliure vigilat<\/strong> recomanem no deixar a la bicicleta accessoris f\u00e0cilment extraibles com llums, bidonet, kit d\u2019eines o casc. En el cas del <strong>servei de guarderia<\/strong>, qualsevol cosa que estigui fortament lligada a la teva bicicleta estar\u00e0 fora de perill, dons ning\u00fa excepte nosaltres et tocar\u00e0 la bicicleta.[\/vc_toggle][vc_toggle title=&#8221;Qu\u00e8 passa si tinc remolc, cadireta, patins o patinets?&#8221; el_id=&#8221;1456235561642-7df38182-3a19&#8243;]Ens encanta la mobilitat activa! Acceptem qualsevol mitja de transport a tracci\u00f3 humana, tot i que les bicicletes tindran prioritat en cas de saturaci\u00f3 del servei. Tingues en compte per\u00f2, que en el cas del servei de <strong>p\u00e0rquing lliure vigilat<\/strong> haur\u00e0s de portar els teus propis mitjans per lligar-lo a l\u2019estructura.[\/vc_toggle][vc_toggle title=&#8221;Necessito un candau?&#8221; el_id=&#8221;1456235703313-37633f9d-b2b2&#8243;]Tot i que l&#8217;\u00e0rea \u00e9s segura i est\u00e0 vigilada, necessitar\u00e0s candau per assegurar la bicicleta en el cas de que el servei ofert sigui el de <strong>P\u00e0rquing lliure vigilat<\/strong>. En el cas de <strong>Servei de guarder\u00eda<\/strong><strong>,<\/strong> recomanem portar sempre els teus propis mitjans de seguretat, el p\u00e0rquing de bicis vigilat \u00e9s limitat i es podria donar el cas que te\u2019l trobessis ple.<\/p>\n<p>Pr\u00e8viament a la prestaci\u00f3 del servei ens encarregarem de difondre la modalitat de servei ofertada, a trav\u00e9s de la web i les xarxes socials, tant de Cyclolock com dels promotors de l\u2019esdeveniment.<\/p>\n<p><a href=\"https:\/\/cyclolock.com\/contacte\/\">Si teniu cap dubte sobre un esdeveniment en concret, contacteu-nos!<\/a>[\/vc_toggle][vc_toggle title=&#8221;Qu\u00e8 passa si no puc tornar a temps per recollir la meva bici?&#8221; el_id=&#8221;1456235701970-08bc36b1-7479&#8243;]Els serveis oferts per Cyclolock finalitzaran 1 hora despr\u00e8s de l\u2019acabament de l\u2019esdeveniment. Si passat aquest temps no has tornat a recollir-la, assegurarem la teva bicicleta i ser\u00e0s responsable de enretirar-la i abonar el pagament dels costos de gesti\u00f3, transport i emmagatzematge.[\/vc_toggle][vc_toggle title=&#8221;Qu\u00e8 passa si perdo el meu tiquet?&#8221; el_id=&#8221;1457346406827-522e8afb-67a8&#8243;]No perdis el tiquet!!! Si perds el tiquet posat de seguida en contacte amb el nostre personal que farem tot el que estigui en les nostres mans per tal de gestionar el contratemps.[\/vc_toggle][vc_toggle title=&#8221;Quant costa?&#8221; el_id=&#8221;1457346433647-c5086132-5ce3&#8243;]El nostre objectiu es que els serveis oferts per Cyclolock siguin gratu\u00efts per l\u2019usuari, intentarem sempre que sigui possible que el servei estigui subvencionat per les aportacions dels promotors i\/o patrocinadors d\u2019esdeveniments. No oblidis recordar-los com d&#8217;important \u00e9s per tu disposar d\u2019aquest servei!<\/p>\n<p>En el cas improbable de que h\u00e0giu de pagar pel servei per manca de subvenci\u00f3, et demanarem una petita aportaci\u00f3 per que no pateixis per la seguretat de la teva bici, estar\u00e0 en bones mans.[\/vc_toggle][\/vc_column][vc_column width=&#8221;1\/2&#8243;][vc_single_image image=&#8221;1028&#8243; img_size=&#8221;full&#8221;][\/vc_column][\/vc_row]\n<\/section>","protected":false},"excerpt":{"rendered":"<p>[vc_row full_width=&#8221;stretch_row&#8221; css=&#8221;.vc_custom_1732539774005{background-color: #383d3d !important;}&#8221;][vc_column][vc_custom_heading source=&#8221;post_title&#8221; font_container=&#8221;tag:h1|text_align:left|color:%23ffffff&#8221; google_fonts=&#8221;font_family:ABeeZee%3Aregular%2Citalic|font_style:400%20regular%3A400%3Anormal&#8221;][\/vc_column][\/vc_row][vc_row css=&#8221;.vc_custom_1457346150956{margin-top: 50px !important;margin-bottom: 50px !important;}&#8221;][vc_column width=&#8221;1\/2&#8243;][vc_toggle title=&#8221;Com funciona?&#8221; el_id=&#8221;1456235461147-1ba0e13d-469d&#8221;]Tenim dos variants per tal de que pugueu gaudir de l\u2019esdeveniment sense preocupar-vos de&#8230;<\/p>\n","protected":false},"author":2,"featured_media":0,"parent":0,"menu_order":25,"comment_status":"closed","ping_status":"closed","template":"","meta":{"_acf_changed":false,"footnotes":""},"class_list":["post-2","page","type-page","status-publish"],"acf":[],"_links":{"self":[{"href":"https:\/\/cyclolock.com\/ca\/wp-json\/wp\/v2\/pages\/2","targetHints":{"allow":["GET"]}}],"collection":[{"href":"https:\/\/cyclolock.com\/ca\/wp-json\/wp\/v2\/pages"}],"about":[{"href":"https:\/\/cyclolock.com\/ca\/wp-json\/wp\/v2\/types\/page"}],"author":[{"embeddable":true,"href":"https:\/\/cyclolock.com\/ca\/wp-json\/wp\/v2\/users\/2"}],"replies":[{"embeddable":true,"href":"https:\/\/cyclolock.com\/ca\/wp-json\/wp\/v2\/comments?post=2"}],"version-history":[{"count":23,"href":"https:\/\/cyclolock.com\/ca\/wp-json\/wp\/v2\/pages\/2\/revisions"}],"predecessor-version":[{"id":3045,"href":"https:\/\/cyclolock.com\/ca\/wp-json\/wp\/v2\/pages\/2\/revisions\/3045"}],"wp:attachment":[{"href":"https:\/\/cyclolock.com\/ca\/wp-json\/wp\/v2\/media?parent=2"}],"curies":[{"name":"wp","href":"https:\/\/api.w.org\/{rel}","templated":true}]}}