{"id":1974,"date":"2019-03-01T12:24:52","date_gmt":"2019-03-01T12:24:52","guid":{"rendered":"https:\/\/cyclolock.com\/?page_id=1974"},"modified":"2019-03-03T11:46:02","modified_gmt":"2019-03-03T11:46:02","slug":"condicions-del-servei-daparcament-de-bicicletes-cyclolock","status":"publish","type":"page","link":"https:\/\/cyclolock.com\/ca\/condicions-del-servei-daparcament-de-bicicletes-cyclolock\/","title":{"rendered":"Condicions del Servei d&#8217;aparcament de bicicletes Cyclolock"},"content":{"rendered":"<section class=\"wpb-content-wrapper\">[vc_row][vc_column][vc_column_text css=&#8221;.vc_custom_1551613559017{margin-top: 15px !important;margin-right: 15px !important;margin-bottom: 15px !important;margin-left: 15px !important;}&#8221;]<strong>Com funciona:<\/strong><\/p>\n<p>Oferim aparcament temporal de bicicletes i altres mitjans de transport de tracci\u00f3 humana, d&#8217;assist\u00e8ncia el\u00e8ctrica (bicicletes, patinets i altres VMP), remolcs, cotxets de nen &#8230;<\/p>\n<p>Tenim dues variants de servei perqu\u00e8 pugueu gaudir de l&#8217;esdeveniment sense preocupar-vos:<\/p>\n<p style=\"padding-left: 30px;\">\u2022\u00a0<strong>PARKING LLIURE VIGILAT:\u00a0<\/strong>nosaltres ens encarreguem de la delimitaci\u00f3 del per\u00edmetre i la vigil\u00e0ncia general de la zona d&#8217;aparcament, i vosaltres us heu d&#8217;encarregar d&#8217;assegurar la bici amb els vostres mitjans a l&#8217;estructura.<\/p>\n<p style=\"padding-left: 30px;\">\u2022\u00a0<strong>SERVEI DE CONSIGNA:<\/strong>\u00a0ens lliureu a consigna la bici, la identifiquem amb un n\u00famero i rebeu un tiquet numerat. Despr\u00e9s de l&#8217;esdeveniment, en lliurar el tiquet, et tornem la bicicleta. \u00c9s com un servei de guarda-roba on nosaltres tenim cura de la vostra bicicleta.<br \/>\nPr\u00e8viament a la prestaci\u00f3 del servei ens encarregarem de difondre la modalitat de servei oferta, a trav\u00e9s del web i les xarxes socials, tant de Cyclolock com dels promotors de l&#8217;esdeveniment.<\/p>\n<p><strong>Puc deixar les meves coses a la bicicleta?<\/strong><\/p>\n<p>Com ens \u00e9s molt dif\u00edcil fer un inventari dels accessoris de la bici, no ens podem fer responsables.<br \/>\nEn el cas del SERVEI DE GUARDERIA, pots fer qualsevol cosa que estigui fortament assegurada a la teva bicicleta estar\u00e0 fora de perill, ning\u00fa excepte nosaltres tocar\u00e0 la teva bicicleta.<br \/>\nEn el cas del servei de PARKING LLIURE VIGILAT recomanem no deixar a la bicicleta accessoris f\u00e0cilment extra\u00efbles com llums, bidons, kit d&#8217;eines o casc. Nosaltres no ens podem fer responsables.<\/p>\n<p><strong>Em cal un cadenat?<\/strong><\/p>\n<p>Tot i que l&#8217;\u00e0rea \u00e9s segura i est\u00e0 vigilada, et caldr\u00e0 cadenats per assegurar la bicicleta en el cas que el servei ofert sigui el de PARKING LLIURE VIGILAT.<br \/>\nEn el cas de SERVEI DE GUARDERIA, no cal, encara que recomanem portar sempre els teus propis mitjans de seguretat, el p\u00e0rquing de bicicletes \u00e9s limitat i es podria donar el cas que t&#8217;ho trobar\u00e0s ple.<\/p>\n<p><strong>Qu\u00e8 passa si no puc recollir a temps la meva bici?<\/strong><\/p>\n<p>El servei d&#8217;aparcament acaba 30 minuts despr\u00e9s de la finalitzaci\u00f3 de l&#8217;esdeveniment. Si passat aquest temps no has tornat a recollir-la, assegurarem la teva bicicleta i ser\u00e0s responsable de retirar-la i abonar el pagament dels costos de gesti\u00f3, transport i emmagatzematge. No ens fem responsables de la cust\u00f2dia de la bicicleta fora de les hores de servei contractat.<\/p>\n<p><strong>Qu\u00e8 passa si perdo el meu tiquet?<\/strong><\/p>\n<p>No perdis el tiquet! Si per desgr\u00e0cia el perds, posa&#8217;t de seguida en contacte amb el nostre personal, farem tot el que estigui a les nostres mans per gestionar el contratemps.<\/p>\n<p><strong>T\u00e9 algun cost el servei?<\/strong><\/p>\n<p>El nostre objectiu \u00e9s que els serveis oferts per Cyclolock siguin gratu\u00efts per a l&#8217;usuari, intentarem sempre que sigui possible que estigui subvencionat per promotors i \/ o patrocinadors dels esdeveniments. No oblidis recordar-los com d&#8217;important \u00e9s per a tu disposar d&#8217;aquest servei!<br \/>\nEn el cas improbable que tingueu de pagar pel servei per manca de subvenci\u00f3, et demanarem una petita aportaci\u00f3 perqu\u00e8 no pateixis per la seguretat de la teva bici, estar\u00e0 en bones mans.<\/p>\n<p><strong>Pots posar-te en contacte amb nosaltres a trav\u00e9s del\u00a0<a href=\"https:\/\/cyclolock.com\/contacte\/\" target=\"_blank\">formulari de contacte<\/a>\u00a0o enviant un mail a info@cyclolock.com\u00a0<\/strong>[\/vc_column_text][\/vc_column][\/vc_row]\n<\/section>","protected":false},"excerpt":{"rendered":"<p>[vc_row][vc_column][vc_column_text css=&#8221;.vc_custom_1551613559017{margin-top: 15px !important;margin-right: 15px !important;margin-bottom: 15px !important;margin-left: 15px !important;}&#8221;]Com funciona: Oferim aparcament temporal de bicicletes i altres mitjans de transport de tracci\u00f3 humana, d&#8217;assist\u00e8ncia el\u00e8ctrica (bicicletes, patinets i altres&#8230;<\/p>\n","protected":false},"author":2,"featured_media":0,"parent":0,"menu_order":4,"comment_status":"closed","ping_status":"closed","template":"template-pagefull.php","meta":{"_acf_changed":false,"footnotes":""},"class_list":["post-1974","page","type-page","status-publish"],"acf":[],"_links":{"self":[{"href":"https:\/\/cyclolock.com\/ca\/wp-json\/wp\/v2\/pages\/1974","targetHints":{"allow":["GET"]}}],"collection":[{"href":"https:\/\/cyclolock.com\/ca\/wp-json\/wp\/v2\/pages"}],"about":[{"href":"https:\/\/cyclolock.com\/ca\/wp-json\/wp\/v2\/types\/page"}],"author":[{"embeddable":true,"href":"https:\/\/cyclolock.com\/ca\/wp-json\/wp\/v2\/users\/2"}],"replies":[{"embeddable":true,"href":"https:\/\/cyclolock.com\/ca\/wp-json\/wp\/v2\/comments?post=1974"}],"version-history":[{"count":6,"href":"https:\/\/cyclolock.com\/ca\/wp-json\/wp\/v2\/pages\/1974\/revisions"}],"predecessor-version":[{"id":2002,"href":"https:\/\/cyclolock.com\/ca\/wp-json\/wp\/v2\/pages\/1974\/revisions\/2002"}],"wp:attachment":[{"href":"https:\/\/cyclolock.com\/ca\/wp-json\/wp\/v2\/media?parent=1974"}],"curies":[{"name":"wp","href":"https:\/\/api.w.org\/{rel}","templated":true}]}}