{"id":1951,"date":"2019-02-26T11:02:22","date_gmt":"2019-02-26T11:02:22","guid":{"rendered":"https:\/\/cyclolock.com\/cookie-policy\/"},"modified":"2019-03-03T12:20:40","modified_gmt":"2019-03-03T12:20:40","slug":"politica-de-cookies","status":"publish","type":"page","link":"https:\/\/cyclolock.com\/ca\/politica-de-cookies\/","title":{"rendered":"Pol\u00edtica de Cookies"},"content":{"rendered":"<section class=\"wpb-content-wrapper\">[vc_row][vc_column][vc_column_text css=&#8221;.vc_custom_1551615568572{margin-top: 15px !important;margin-right: 15px !important;margin-bottom: 15px !important;margin-left: 15px !important;}&#8221;]Aquest lloc web utilitza cookies pr\u00f2pies i de tercers per oferir una experi\u00e8ncia i un servei millors. En navegar o utilitzar els nostres serveis l&#8217;usuari accepta l&#8217;\u00fas que fem de les cookies. No obstant aix\u00f2, l&#8217;usuari t\u00e9 l&#8217;opci\u00f3 d&#8217;impedir la generaci\u00f3 de cookies i eliminar-les mitjan\u00e7ant la selecci\u00f3 de la corresponent opci\u00f3 en el seu navegador. En cas de bloquejar l&#8217;\u00fas de cookies al seu navegador \u00e9s possible que alguns serveis o funcionalitats de la p\u00e0gina web no estiguin disponibles.<\/p>\n<p><strong>Qu\u00e8 \u00e9s una cookie?<\/strong><\/p>\n<p>Una cookie \u00e9s un petit fragment de text que els llocs web envien al navegador i que s&#8217;emmagatzemen en el terminal de l&#8217;usuari, el qual pot ser un ordinador personal, un tel\u00e8fon m\u00f2bil, una tableta, etc\u00e8tera. Aquests arxius permeten que el lloc web recordi informaci\u00f3 sobre la seva visita, com l&#8217;idioma i les opcions preferides, el que pot facilitar la seva pr\u00f2xima visita i fer que el lloc sigui m\u00e9s \u00fatil a l&#8217;personalitzar el seu contingut. Les cookies tenen un paper molt important, en millorar l&#8217;experi\u00e8ncia de l&#8217;\u00fas del web.<\/p>\n<p><strong>Com s&#8217;utilitzen les cookies?<\/strong><\/p>\n<p>En navegar per aquest portal web l&#8217;usuari est\u00e0 acceptant que es puguin instal\u00b7lar cookies en el seu terminal i que ens permeten con\u00e8ixer la seg\u00fcent informaci\u00f3:<\/p>\n<p>Informaci\u00f3 estad\u00edstica de l&#8217;\u00fas del web.<\/p>\n<p>El &#8216;login&#8217; de l&#8217;usuari per mantenir la sessi\u00f3 activa a la web.<\/p>\n<p>El format de la web preferent en l&#8217;acc\u00e9s des de dispositius m\u00f2bils.<\/p>\n<p>Les \u00faltimes recerques realitzades als serveis de la web i dades de personalitzaci\u00f3 d&#8217;aquests serveis.<\/p>\n<p>Informaci\u00f3 sobre els anuncis que es mostren a l&#8217;usuari.<\/p>\n<p>Informaci\u00f3 de les enquestes en qu\u00e8 ha participat l&#8217;usuari.<\/p>\n<p>Dades de la connexi\u00f3 amb les xarxes socials per als usuaris que accedeixen amb el seu usuari de Facebook o Twitter.<\/p>\n<p><strong>Tipus de cookies utilitzades<\/strong><\/p>\n<p>Aquesta web utilitza tant cookies temporals de sessi\u00f3 com cookies permanents. Les cookies de sessi\u00f3 emmagatzemen dades \u00fanicament mentre l&#8217;usuari accedeix al web i les cookies permanents emmagatzemen les dades en el terminal perqu\u00e8 siguin accedides i utilitzades en m\u00e9s d&#8217;una sessi\u00f3.<\/p>\n<p>Segons la finalitat per a la qual es tractin les dades obtingudes a trav\u00e9s de les cookies, el web pot utilitzar:<\/p>\n<p><em>Cookies t\u00e8cniques<\/em><\/p>\n<p>S\u00f3n aquelles que permeten a l&#8217;usuari la navegaci\u00f3 a trav\u00e9s de la p\u00e0gina web o aplicaci\u00f3 i la utilitzaci\u00f3 de les diferents opcions o serveis que existeixen. Per exemple, controlar el tr\u00e0nsit i la comunicaci\u00f3 de dades, identificar la sessi\u00f3, accedir a les parts web d&#8217;acc\u00e9s restringit, recordar els elements que integren una comanda, realitzar la sol\u00b7licitud d&#8217;inscripci\u00f3 o participaci\u00f3 en un esdeveniment, utilitzar elements de seguretat durant la navegaci\u00f3 i emmagatzemar continguts per a la difusi\u00f3 de v\u00eddeos o so.<\/p>\n<p><em>Cookies de personalitzaci\u00f3<\/em><\/p>\n<p>S\u00f3n aquelles que permeten a l&#8217;usuari accedir al servei amb algunes caracter\u00edstiques de car\u00e0cter general predefinides en el seu terminal o que el mateix usuari defineixi. Per exemple, l&#8217;idioma, el tipus de navegador mitjan\u00e7ant el qual accedeix al servei, el disseny de continguts seleccionat, geolocalitzaci\u00f3 del terminal i la configuraci\u00f3 regional des d&#8217;on s&#8217;accedeix al servei.<\/p>\n<p><em>Cookies publicit\u00e0ries<\/em><\/p>\n<p>S\u00f3n aquelles que permeten la gesti\u00f3 efica\u00e7 dels espais publicitaris que s&#8217;han incl\u00f2s a la p\u00e0gina web o aplicaci\u00f3 des de la qual es presta el servei. Permeten adequar el contingut de la publicitat perqu\u00e8 aquesta sigui rellevant per a l&#8217;usuari i per evitar mostrar anuncis que l&#8217;usuari ja hagi vist.<\/p>\n<p><em>Cookies d&#8217;an\u00e0lisi estad\u00edstic<\/em><\/p>\n<p>S\u00f3n aquelles que permeten fer el seguiment i l&#8217;an\u00e0lisi del comportament dels usuaris als llocs web. La informaci\u00f3 recollida mitjan\u00e7ant aquest tipus de cookies s&#8217;utilitza en el mesurament de l&#8217;activitat dels llocs web, l&#8217;aplicaci\u00f3 o la plataforma i per a l&#8217;elaboraci\u00f3 de perfils de navegaci\u00f3 dels usuaris d&#8217;aquests llocs, per introduir millores en el servei en funci\u00f3 de les dades d&#8217;\u00fas que fan els usuaris.<\/p>\n<p><em>Cookies de tercers<\/em><\/p>\n<p>En algunes p\u00e0gines web es poden instal\u00b7lar cookies de tercers que permeten gestionar i millorar els serveis oferts. Com per exemple, serveis estad\u00edstics de Google Analytics i Comscore. electr\u00f2nic a enviament d&#8217;informaci\u00f3 sobre cyclolock.com.<\/p>\n<table border=\"1\" width=\"100%\" cellspacing=\"20\" cellpadding=\"0\">\n<tbody>\n<tr>\n<td valign=\"top\"><strong>Nom de la cookie<\/strong><\/td>\n<td valign=\"top\"><strong>Finalitat<\/strong><\/td>\n<td valign=\"top\"><strong>Com?<\/strong><\/td>\n<\/tr>\n<tr>\n<td valign=\"top\">\u201cplug-in\u201d de xarxes\u00a0 socials<\/td>\n<td valign=\"top\">Permetre a l&#8217;usuari compartir continguts amb membres d&#8217;una determinada xarxa social.<\/p>\n<p>Propietari: Xarxa social que posa la\u00a0cookie (Twitter Inc, Facebook Inc, &#8230;)<\/td>\n<td valign=\"top\">Quan hi ha algun plugin o bot\u00f3 de compartir en alguna xarxa social<\/td>\n<\/tr>\n<tr>\n<td valign=\"top\">Google Analytics<\/td>\n<td valign=\"top\">Per realitzar les estad\u00edstiques d&#8217;\u00fas de la web utilitzem les galetes amb la finalitat de con\u00e8ixer el nivell de recurr\u00e8ncia dels nostres visitants i els continguts que resulten m\u00e9s interessants. D&#8217;aquesta manera podem concentrar els nostres esfor\u00e7os a millorar les \u00e0rees m\u00e9s visitades i fer que l&#8217;usuari trobi m\u00e9s f\u00e0cilment el que busca.En el lloc web pot utilitzar-se la informaci\u00f3 de la seva visita per realitzar avaluacions i c\u00e0lculs estad\u00edstics sobre dades an\u00f2nims, aix\u00ed com per garantir la continu\u00eftat del servei o per realitzar millores en els seus llocs web. Per a m\u00e9s detalls, consulteu al seg\u00fcent enlla\u00e7 la pol\u00edtica de privacitat [<a href=\"http:\/\/www.google.com\/intl\/es\/policies\/privacy\/\">http:\/\/www.google.com\/intl\/es\/policies\/privacy\/<\/a>]\n<p>Propietari: Google Inc.<\/td>\n<td valign=\"top\">Quan accedeix a la p\u00e0gina<\/td>\n<\/tr>\n<\/tbody>\n<\/table>\n<p>&nbsp;<\/p>\n<p><strong>Com es poden administrar les\u00a0cookies al navegador?<\/strong><\/p>\n<p>L&#8217;usuari t\u00e9 l&#8217;opci\u00f3 de permetre, bloquejar o eliminar les cookies instal\u00b7lades en el seu equip mitjan\u00e7ant la configuraci\u00f3 de les opcions del navegador en el vostre terminal:<\/p>\n<p>Per ajustar els permisos relacionats amb les galetes al navegador <strong>Google Chrome<\/strong>:<\/p>\n<p style=\"padding-left: 30px;\">Feu clic al men\u00fa situat a la barra d&#8217;eines.<\/p>\n<p style=\"padding-left: 30px;\">Selecciona Configuraci\u00f3.<\/p>\n<p style=\"padding-left: 30px;\">Feu clic a Mostar opcions avan\u00e7ades.<\/p>\n<p style=\"padding-left: 30px;\">A la secci\u00f3 &#8216;Privacitat&#8217; feu clic al bot\u00f3 Configuraci\u00f3 de contingut.A la secci\u00f3 de galetes es poden configurar les opcions.<\/p>\n<p style=\"padding-left: 30px;\">M\u00e9s informaci\u00f3 sobre Google Chrome<\/p>\n<p>Per ajustar els permisos relacionats amb les galetes al navegador <strong>Mozilla Firefox<\/strong>:<\/p>\n<p style=\"padding-left: 30px;\">A la part superior de la finestra del Firefox feu clic al men\u00fa Eines.<\/p>\n<p style=\"padding-left: 30px;\">Seleccioneu Opcions.<\/p>\n<p style=\"padding-left: 30px;\">Selecciona el tauler Privadesa.<\/p>\n<p style=\"padding-left: 30px;\">En l&#8217;opci\u00f3 Firefox podr\u00e0 triar Utilitza una configuraci\u00f3 personalitzada per l&#8217;historial per a configurar les opcions.<\/p>\n<p style=\"padding-left: 30px;\">M\u00e9s informaci\u00f3 sobre Mozilla Firefox<\/p>\n<p>Per ajustar els permisos relacionats amb les galetes al navegador <strong>Internet Explorer 9<\/strong>:<\/p>\n<p style=\"padding-left: 30px;\">A la part superior de la finestra d&#8217;Internet Explorer feu clic al men\u00fa Eines.<\/p>\n<p style=\"padding-left: 30px;\">Seleccioneu la pestanya de Seguretat i utilitzeu l&#8217;opci\u00f3 Suprimeix l&#8217;historial d&#8217;exploraci\u00f3 per eliminar les galetes. Activeu la casella galetes i, a continuaci\u00f3, feu clic a Suprimeix.<\/p>\n<p style=\"padding-left: 30px;\">Seleccioneu la pestanya de Seguretat i accedeixi a Configuraci\u00f3. Moveu el control lliscant totalment cap amunt per bloquejar totes les cookies o totalment cap avall per permetre totes les galetes. Despr\u00e9s d&#8217;aix\u00f2, feu clic a D&#8217;acord.<\/p>\n<p style=\"padding-left: 30px;\">M\u00e9s informaci\u00f3 sobre Internet Explorer 9<\/p>\n<p>En cas de bloquejar l&#8217;\u00fas de cookies al seu navegador \u00e9s possible que alguns serveis o funcionalitats de la p\u00e0gina web no estiguin disponibles.<\/p>\n<p>En alguns navegadors es poden configurar regles espec\u00edfiques per administrar cookies per lloc web, el que ofereix un control m\u00e9s prec\u00eds sobre la privacitat. En aquest cas es poden desactivar galetes de tots els llocs excepte aquells en qu\u00e8 es confi\u00ef.[\/vc_column_text][\/vc_column][\/vc_row]\n<\/section>","protected":false},"excerpt":{"rendered":"<p>[vc_row][vc_column][vc_column_text css=&#8221;.vc_custom_1551615568572{margin-top: 15px !important;margin-right: 15px !important;margin-bottom: 15px !important;margin-left: 15px !important;}&#8221;]Aquest lloc web utilitza cookies pr\u00f2pies i de tercers per oferir una experi\u00e8ncia i un servei millors. En navegar o utilitzar&#8230;<\/p>\n","protected":false},"author":2,"featured_media":0,"parent":0,"menu_order":8,"comment_status":"closed","ping_status":"closed","template":"template-pagefull.php","meta":{"_acf_changed":false,"footnotes":""},"class_list":["post-1951","page","type-page","status-publish"],"acf":[],"_links":{"self":[{"href":"https:\/\/cyclolock.com\/ca\/wp-json\/wp\/v2\/pages\/1951","targetHints":{"allow":["GET"]}}],"collection":[{"href":"https:\/\/cyclolock.com\/ca\/wp-json\/wp\/v2\/pages"}],"about":[{"href":"https:\/\/cyclolock.com\/ca\/wp-json\/wp\/v2\/types\/page"}],"author":[{"embeddable":true,"href":"https:\/\/cyclolock.com\/ca\/wp-json\/wp\/v2\/users\/2"}],"replies":[{"embeddable":true,"href":"https:\/\/cyclolock.com\/ca\/wp-json\/wp\/v2\/comments?post=1951"}],"version-history":[{"count":6,"href":"https:\/\/cyclolock.com\/ca\/wp-json\/wp\/v2\/pages\/1951\/revisions"}],"predecessor-version":[{"id":2011,"href":"https:\/\/cyclolock.com\/ca\/wp-json\/wp\/v2\/pages\/1951\/revisions\/2011"}],"wp:attachment":[{"href":"https:\/\/cyclolock.com\/ca\/wp-json\/wp\/v2\/media?parent=1951"}],"curies":[{"name":"wp","href":"https:\/\/api.w.org\/{rel}","templated":true}]}}