{"id":124,"date":"2015-11-11T15:50:39","date_gmt":"2015-11-11T15:50:39","guid":{"rendered":"http:\/\/qkthemes-demo.com\/wordpress\/construct\/?page_id=124"},"modified":"2024-11-25T12:42:30","modified_gmt":"2024-11-25T12:42:30","slug":"organitzes-un-esdeveniment","status":"publish","type":"page","link":"https:\/\/cyclolock.com\/ca\/parquing-bicicletes-esdeveniments\/organitzes-un-esdeveniment\/","title":{"rendered":"Organitzes un esdeveniment?"},"content":{"rendered":"<section class=\"wpb-content-wrapper\">[vc_row full_width=&#8221;stretch_row&#8221; css=&#8221;.vc_custom_1732538419499{background-color: #383d3d !important;}&#8221;][vc_column][vc_custom_heading source=&#8221;post_title&#8221; font_container=&#8221;tag:h1|text_align:left|color:%23ffffff|line_height:2&#8243; google_fonts=&#8221;font_family:ABeeZee%3Aregular%2Citalic|font_style:400%20regular%3A400%3Anormal&#8221;][\/vc_column][\/vc_row][vc_row css=&#8221;.vc_custom_1458643971197{margin-top: 50px !important;}&#8221;][vc_column width=&#8221;2\/3&#8243;][vc_column_text el_class=&#8221;introduction&#8221;]\n<p style=\"text-align: left;\">L\u2019impuls en l\u2019\u00fas de la bicicleta com a transport per part dels promotors d\u00f3na valor afegit a l\u2019esdeveniment, millora l\u2019acc\u00e9s als assistents i redueix l\u2019impacte que te a la zona on s\u2019hi desenvolupa.<\/p>\n[\/vc_column_text][\/vc_column][vc_column width=&#8221;1\/4&#8243;][\/vc_column][\/vc_row][vc_row css=&#8221;.vc_custom_1456497782481{margin-top: 20px !important;}&#8221;][vc_column width=&#8221;1\/3&#8243;][vc_single_image image=&#8221;1153&#8243; img_size=&#8221;full&#8221;][vc_column_text css=&#8221;.vc_custom_1458644311727{margin-top: 20px !important;margin-bottom: 20px !important;}&#8221;]\n<ul>\n<li>Fomenta estils de vida saludables<\/li>\n<li>Redueix l\u2019impacte ambiental:\n<ul>\n<li>Menys contaminaci\u00f3 atmosf\u00e8rica<\/li>\n<li>Reducci\u00f3 de la despesa energ\u00e8tica<\/li>\n<\/ul>\n<\/li>\n<li>Beneficia a la ciutat:\n<ul>\n<li>Pacificaci\u00f3 del tr\u00e0nsit<\/li>\n<li>Menys soroll<\/li>\n<li>Humanitza l\u2019entorn<\/li>\n<\/ul>\n<\/li>\n<\/ul>\n[\/vc_column_text][\/vc_column][vc_column width=&#8221;1\/3&#8243;][vc_single_image image=&#8221;215&#8243; img_size=&#8221;full&#8221;][vc_column_text css=&#8221;.vc_custom_1458644354012{margin-top: 20px !important;margin-bottom: 20px !important;}&#8221;]La bicicleta presenta avantatges respecte als vehicles privats a motor i altres alternatives de mobilitat sostenible, com podrien ser anar a peu, en transport p\u00fablic o sistemes p\u00fablics de bicicleta compartida, ja que aquests poden ser inc\u00f2modes o veure\u2019s desbordats en moments de molta aflu\u00e8ncia de p\u00fablic.[\/vc_column_text][\/vc_column][vc_column width=&#8221;1\/4&#8243;][vc_btn title=&#8221;VENS EN BICI \/ PATINET?&#8221; style=&#8221;custom&#8221; custom_background=&#8221;#eaeaea&#8221; custom_text=&#8221;#000000&#8243; shape=&#8221;square&#8221; align=&#8221;left&#8221; button_block=&#8221;true&#8221; link=&#8221;url:https%3A%2F%2Fcyclolock.com%2Fca%2Fparquing-bicicletes-esdeveniments%2Fvens-en-bici%2F||&#8221;][vc_btn title=&#8221;ORGANITZES UN ESDEVENIMENT?&#8221; style=&#8221;custom&#8221; custom_background=&#8221;#54d07c&#8221; custom_text=&#8221;#ffffff&#8221; shape=&#8221;square&#8221; align=&#8221;left&#8221; button_block=&#8221;true&#8221; link=&#8221;||&#8221;][vc_btn title=&#8221;VOLS COL\u00b7LABORAR COM SPONSOR?&#8221; style=&#8221;custom&#8221; custom_background=&#8221;#eaeaea&#8221; custom_text=&#8221;#000000&#8243; shape=&#8221;square&#8221; align=&#8221;left&#8221; button_block=&#8221;true&#8221; link=&#8221;url:https%3A%2F%2Fcyclolock.com%2Fca%2Fparquing-bicicletes-esdeveniments%2Fcolaborar-com-sponsor%2F||&#8221;][vc_btn title=&#8221;VENTA D&#8217;ESTRUCTURES CYCLOLOCK&#8221; style=&#8221;custom&#8221; custom_background=&#8221;#eaeaea&#8221; custom_text=&#8221;#000000&#8243; shape=&#8221;square&#8221; align=&#8221;left&#8221; button_block=&#8221;true&#8221; link=&#8221;url:https%3A%2F%2Fcyclolock.com%2Fca%2Fparquing-bicicletes-esdeveniments%2Fventa-estructures-cyclolock%2F||&#8221;][\/vc_column][\/vc_row][vc_row][vc_column width=&#8221;2\/3&#8243;][vc_message message_box_style=&#8221;solid&#8221; style=&#8221;square&#8221; message_box_color=&#8221;grey&#8221; icon_type=&#8221;entypo&#8221; icon_entypo=&#8221;entypo-icon entypo-icon-quote&#8221;]\n<p class=\"p1\"><span class=\"s1\">El 2% dels espectadors estarien disposats a anar a un esdeveniment en bici<\/span><\/p>\n[\/vc_message][\/vc_column][vc_column width=&#8221;1\/4&#8243;][\/vc_column][\/vc_row][vc_row full_width=&#8221;stretch_row&#8221; el_class=&#8221;banner-section&#8221; css=&#8221;.vc_custom_1732538536155{margin-top: 0px !important;margin-bottom: 0px !important;padding-top: 0px !important;background-color: #9790ff !important;}&#8221;][vc_column width=&#8221;1\/3&#8243;][vc_btn title=&#8221;INFO T\u00c8CNICA&#8221; color=&#8221;inverse&#8221; size=&#8221;lg&#8221; link=&#8221;url:https%3A%2F%2Fcyclolock.com%2Fca%2Fparquing-bicicletes-esdeveniments%2Forganitzes-un-esdeveniment%2Finformacio-tecnica%2F|title:Info%20t%C3%A8cnica|target:_blank&#8221;][\/vc_column][vc_column width=&#8221;1\/3&#8243;][vc_btn title=&#8221;ALTRES SERVEIS&#8221; color=&#8221;inverse&#8221; size=&#8221;lg&#8221; link=&#8221;url:https%3A%2F%2Fcyclolock.com%2Fca%2Fparquing-bicicletes-esdeveniments%2Forganitzes-un-esdeveniment%2Faltres-serveis%2F|title:ALTRES%20SERVEIS|target:_blank&#8221;][\/vc_column][vc_column width=&#8221;1\/3&#8243;][vc_btn title=&#8221;CONTACTAN&#8217;S&#8221; color=&#8221;inverse&#8221; size=&#8221;lg&#8221; link=&#8221;url:https%3A%2F%2Fcyclolock.com%2Fca%2Fcontacte%2F|title:CONTACTAN&#8217;S|target:_blank&#8221;][\/vc_column][\/vc_row][vc_row full_width=&#8221;stretch_row&#8221; el_class=&#8221;title-section&#8221; css=&#8221;.vc_custom_1732538518187{margin-top: 0px !important;background-color: #4d44cb !important;}&#8221;][vc_column css=&#8221;.vc_custom_1684844461509{margin-top: 0px !important;padding-top: 0px !important;}&#8221;][vc_column_text css=&#8221;.vc_custom_1684844734612{margin-top: 0px !important;margin-bottom: 0px !important;padding-top: 20px !important;padding-bottom: 20px !important;}&#8221;]\n<h4 style=\"text-align: center;\"><span style=\"color: #333333;\"><strong>ESDEVENIMENTS ON HEM ESTAT<\/strong><\/span><\/h4>\n[\/vc_column_text][\/vc_column][\/vc_row][vc_row el_class=&#8221;portfolio-section&#8221;][vc_column][vc_basic_grid post_type=&#8221;portfolio&#8221; max_items=&#8221;4&#8243; element_width=&#8221;3&#8243; grid_id=&#8221;vc_gid:1732538403957-41f1f0739925340e22ef303dba164b28-8&#8243;][\/vc_column][\/vc_row][vc_row][vc_column][vc_btn][\/vc_column][\/vc_row]\n<\/section>","protected":false},"excerpt":{"rendered":"<p>[vc_row full_width=&#8221;stretch_row&#8221; css=&#8221;.vc_custom_1732538419499{background-color: #383d3d !important;}&#8221;][vc_column][vc_custom_heading source=&#8221;post_title&#8221; font_container=&#8221;tag:h1|text_align:left|color:%23ffffff|line_height:2&#8243; google_fonts=&#8221;font_family:ABeeZee%3Aregular%2Citalic|font_style:400%20regular%3A400%3Anormal&#8221;][\/vc_column][\/vc_row][vc_row css=&#8221;.vc_custom_1458643971197{margin-top: 50px !important;}&#8221;][vc_column width=&#8221;2\/3&#8243;][vc_column_text el_class=&#8221;introduction&#8221;] L\u2019impuls en l\u2019\u00fas de la bicicleta com a transport per part dels promotors d\u00f3na valor afegit a&#8230;<\/p>\n","protected":false},"author":4,"featured_media":0,"parent":71,"menu_order":34,"comment_status":"closed","ping_status":"closed","template":"","meta":{"_acf_changed":false,"footnotes":""},"class_list":["post-124","page","type-page","status-publish"],"acf":[],"_links":{"self":[{"href":"https:\/\/cyclolock.com\/ca\/wp-json\/wp\/v2\/pages\/124","targetHints":{"allow":["GET"]}}],"collection":[{"href":"https:\/\/cyclolock.com\/ca\/wp-json\/wp\/v2\/pages"}],"about":[{"href":"https:\/\/cyclolock.com\/ca\/wp-json\/wp\/v2\/types\/page"}],"author":[{"embeddable":true,"href":"https:\/\/cyclolock.com\/ca\/wp-json\/wp\/v2\/users\/4"}],"replies":[{"embeddable":true,"href":"https:\/\/cyclolock.com\/ca\/wp-json\/wp\/v2\/comments?post=124"}],"version-history":[{"count":50,"href":"https:\/\/cyclolock.com\/ca\/wp-json\/wp\/v2\/pages\/124\/revisions"}],"predecessor-version":[{"id":3034,"href":"https:\/\/cyclolock.com\/ca\/wp-json\/wp\/v2\/pages\/124\/revisions\/3034"}],"up":[{"embeddable":true,"href":"https:\/\/cyclolock.com\/ca\/wp-json\/wp\/v2\/pages\/71"}],"wp:attachment":[{"href":"https:\/\/cyclolock.com\/ca\/wp-json\/wp\/v2\/media?parent=124"}],"curies":[{"name":"wp","href":"https:\/\/api.w.org\/{rel}","templated":true}]}}