{"id":1091,"date":"2016-11-18T15:27:52","date_gmt":"2016-11-18T15:27:52","guid":{"rendered":"https:\/\/cyclolock.com\/?page_id=1091"},"modified":"2026-02-21T19:07:05","modified_gmt":"2026-02-21T19:07:05","slug":"qui-som","status":"publish","type":"page","link":"https:\/\/cyclolock.com\/ca\/qui-som\/","title":{"rendered":"Qui som"},"content":{"rendered":"<section class=\"wpb-content-wrapper\">[vc_row full_width=&#8221;stretch_row&#8221; css=&#8221;.vc_custom_1732537486218{background-color: #383d3d !important;}&#8221;][vc_column][vc_custom_heading source=&#8221;post_title&#8221; font_container=&#8221;tag:h1|text_align:left|color:%23ffffff|line_height:2&#8243; google_fonts=&#8221;font_family:ABeeZee%3Aregular%2Citalic|font_style:400%20regular%3A400%3Anormal&#8221;][\/vc_column][\/vc_row][vc_row][vc_column][vc_row_inner][vc_column_inner][vc_column_text]\n<h4 style=\"text-align: center;\">Cyclolock som una empresa emergent constitu\u00efda per dos companys de prim\u00e0ria que, retrobats despr\u00e9s de 20 anys, ens hem animat en un projecte on es fomenta l&#8217;\u00fas de la bicicleta i alhora proposa tornar-nos a relacionar amb la ciutat d&#8217;una manera m\u00e9s ecol\u00f2gica, sostenible, silenciosa, saludable i sociable. Creiem fermament que la bicicleta \u00e9s una molt bona manera de millorar la qualitat de vida de les persones i dels municipis on habiten.<\/h4>\n[\/vc_column_text][\/vc_column_inner][\/vc_row_inner][vc_row_inner][vc_column_inner width=&#8221;1\/2&#8243;][vc_single_image image=&#8221;2388&#8243; img_size=&#8221;medium&#8221; alignment=&#8221;center&#8221;][vc_column_text]\n<div class=\"QcsUad BDJ8fb BLojaf sMVRZe wneUed\">\n<div class=\"usGWQd\" aria-live=\"polite\">\n<div class=\"KkbLmb\">\n<div class=\"lRu31\"><span class=\"HwtZe\" lang=\"ca\"><span class=\"jCAhz ChMk0b\"><span class=\"ryNqvb\"><strong>Alejandra Berm\u00fadez<\/strong>, \u00e9s tecn\u00f2loga dels aliments de professi\u00f3, amb 15 anys d&#8217;experi\u00e8ncia al sector de l&#8217;alimentaci\u00f3 i actualment al camp de la recerca en l&#8217;\u00e0mbit del comportament dels consumidors.<\/span><\/span> <span class=\"jCAhz ChMk0b\"><span class=\"ryNqvb\">Viatgera de vocaci\u00f3 i cicloturseta de convicci\u00f3, li agrada gaudir de la llibertat d&#8217;anar amb bicicleta i \u00e9s el mitj\u00e0 de transport habitual.<\/span><\/span> <span class=\"jCAhz ChMk0b\"><span class=\"ryNqvb\">Coneix les necessitats dels ciclistes urbans de primera m\u00e0.<\/span><\/span> <span class=\"jCAhz ChMk0b\"><span class=\"ryNqvb\">Participa a tots els esdeveniments de promoci\u00f3 de la bicicleta que pot, i voldria que la gent s&#8217;anim\u00e9s a utilitzar la bici di\u00e0riament per arribar a nivells similars a altres pa\u00efsos europeus.<\/span><\/span><\/span><\/div>\n<\/div>\n<\/div>\n<\/div>\n[\/vc_column_text][\/vc_column_inner][vc_column_inner width=&#8221;1\/2&#8243;][vc_single_image image=&#8221;2390&#8243; img_size=&#8221;medium&#8221; alignment=&#8221;center&#8221;][vc_column_text]<strong>Ferran Casanovas<\/strong>, Enginyer T\u00e8cnic en Disseny Industrial, \u00e9s especialista en organitzaci\u00f3, operaci\u00f3, log\u00edstica i consultoria per a esdeveniments, i com a freelance t\u00e9 una \u00e0mplia experi\u00e8ncia en el disseny, producci\u00f3 i muntatge d&#8217;espais expositius. Amant de la natura i en especial de les activitats a l&#8217;aire lliure, tant al mar com a la muntanya, combina aquestes activitats amb guiatges de muntanya espor\u00e0dics i amb guiatges mar\u00edtims com a patr\u00f3 d&#8217;embarcacions de motor i guia de caiac de mar. A banda de gaudir de la bicicleta de muntanya i ser ferm defensor de l&#8217;\u00fas de la bicicleta tamb\u00e9 en entorns urbans, professionalment ha estat responsable d&#8217;una botiga de bicicletes el\u00e8ctriques, encarregant-se de la promoci\u00f3, venda, lloguer i reparaci\u00f3 i la gesti\u00f3 d&#8217;activitats paral\u00b7leles com s\u00f3n el disseny i guia de rutes amb bici el\u00e8ctrica per Barcelona.[\/vc_column_text][\/vc_column_inner][\/vc_row_inner][\/vc_column][\/vc_row][vc_row full_width=&#8221;stretch_row&#8221; css=&#8221;.vc_custom_1732537977247{background-color: #4d44cb !important;}&#8221;][vc_column][vc_custom_heading text=&#8221;Col.laboradors&#8221; font_container=&#8221;tag:h2|text_align:center|color:%23ffffff&#8221; google_fonts=&#8221;font_family:Open%20Sans%3A300%2C300italic%2Cregular%2Citalic%2C600%2C600italic%2C700%2C700italic%2C800%2C800italic|font_style:600%20bold%20regular%3A600%3Anormal&#8221;][\/vc_column][\/vc_row][vc_row css=&#8221;.vc_custom_1684870997132{margin-top: 0px !important;margin-bottom: 70px !important;}&#8221;][vc_column width=&#8221;1\/3&#8243;][vc_single_image image=&#8221;3236&#8243; img_size=&#8221;200&#215;143&#8243; alignment=&#8221;center&#8221;][vc_toggle title=&#8221;Inclusi\u00f3 social i laboral&#8221; style=&#8221;simple&#8221; el_id=&#8221;1479483736559-0c6f55a5-1b24&#8243; el_class=&#8221;title-collaboration&#8221;]<strong>Diomcoop<\/strong> \u00e9s una <strong>cooperativa d&#8217;inclusi\u00f3 laboral i social<\/strong> de venda i serveis. El seu objectiu \u00e9s respondre a les necessitats d&#8217;<strong>ocupaci\u00f3, formaci\u00f3, regularitzaci\u00f3 i drets fonamentals<\/strong> de la comunitat subsahariana dedicada al comer\u00e7 ambulant no autoritzat. Treballen en la producci\u00f3 de roba social, serveis de missatgeria sostenibles, c\u00e0tering comunitari, neteja i conscienciaci\u00f3.<\/p>\n<p>Cyclolock ha col\u00b7laborat amb <strong>Diomcoop<\/strong> en la <strong>contractaci\u00f3 de serveis per a la gesti\u00f3 i la vigil\u00e0ncia d&#8217;aparcaments<\/strong> de bicicletes.<\/p>\n<p style=\"text-align: left;\"><span style=\"color: #000000;\">\u00a0<\/span><\/p>\n<p><img loading=\"lazy\" decoding=\"async\" class=\"alignnone wp-image-3213\" src=\"https:\/\/cyclolock.com\/wp-content\/uploads\/2026\/02\/245232984_398591698462567_5838045013970915254_n.jpg\" alt=\"\" width=\"606\" height=\"606\" srcset=\"https:\/\/cyclolock.com\/wp-content\/uploads\/2026\/02\/245232984_398591698462567_5838045013970915254_n.jpg 1080w, https:\/\/cyclolock.com\/wp-content\/uploads\/2026\/02\/245232984_398591698462567_5838045013970915254_n-300x300.jpg 300w, https:\/\/cyclolock.com\/wp-content\/uploads\/2026\/02\/245232984_398591698462567_5838045013970915254_n-1024x1024.jpg 1024w, https:\/\/cyclolock.com\/wp-content\/uploads\/2026\/02\/245232984_398591698462567_5838045013970915254_n-150x150.jpg 150w, https:\/\/cyclolock.com\/wp-content\/uploads\/2026\/02\/245232984_398591698462567_5838045013970915254_n-768x768.jpg 768w, https:\/\/cyclolock.com\/wp-content\/uploads\/2026\/02\/245232984_398591698462567_5838045013970915254_n-320x320.jpg 320w, https:\/\/cyclolock.com\/wp-content\/uploads\/2026\/02\/245232984_398591698462567_5838045013970915254_n-480x480.jpg 480w, https:\/\/cyclolock.com\/wp-content\/uploads\/2026\/02\/245232984_398591698462567_5838045013970915254_n-800x800.jpg 800w, https:\/\/cyclolock.com\/wp-content\/uploads\/2026\/02\/245232984_398591698462567_5838045013970915254_n-100x100.jpg 100w, https:\/\/cyclolock.com\/wp-content\/uploads\/2026\/02\/245232984_398591698462567_5838045013970915254_n-140x140.jpg 140w, https:\/\/cyclolock.com\/wp-content\/uploads\/2026\/02\/245232984_398591698462567_5838045013970915254_n-500x500.jpg 500w, https:\/\/cyclolock.com\/wp-content\/uploads\/2026\/02\/245232984_398591698462567_5838045013970915254_n-350x350.jpg 350w, https:\/\/cyclolock.com\/wp-content\/uploads\/2026\/02\/245232984_398591698462567_5838045013970915254_n-1000x1000.jpg 1000w\" sizes=\"auto, (max-width: 606px) 100vw, 606px\" \/>[\/vc_toggle][\/vc_column][vc_column width=&#8221;1\/3&#8243;][vc_single_image image=&#8221;1092&#8243; img_size=&#8221;200&#215;143&#8243; alignment=&#8221;center&#8221;][vc_toggle title=&#8221;Formaci\u00f3 i inserci\u00f3 laboral&#8221; style=&#8221;simple&#8221; el_class=&#8221;title-collaboration&#8221;]\n<p style=\"text-align: left;\"><span style=\"color: #333333;\">Formaci\u00f3 i Treball, la Fundaci\u00f3 Amiga t\u00e9 com principal objectiu la\u00a0<strong>formaci\u00f3 i inserci\u00f3 laboral de persones amb especials dificultats<\/strong><strong>\u00a0<\/strong>personals i sociolaborals.<\/span><\/p>\n<p style=\"text-align: left;\"><span style=\"color: #333333;\">Per tal d\u2019assolir aquest objectiu, la Fundaci\u00f3 treballa en\u00a0<strong>diversitat d\u2019iniciatives<\/strong>\u00a0com serveis de recollida i gesti\u00f3 de roba, mobles i joguines; la gesti\u00f3 de punts verds; serveis de neteja, bugaderia, manteniment i construcci\u00f3; l\u2019escola d\u2019hostaleria i els\u00a0<strong>aparcaments vigilats de bicicletes com Bici Amiga<\/strong><strong>\u00a0<\/strong>al carrer Num\u00e0ncia de Barcelona.<\/span><\/p>\n<p style=\"text-align: left;\"><span style=\"color: #333333;\">Cyclolock col\u00b7labora amb la Fundaci\u00f3 en la\u00a0<strong>contractaci\u00f3 del serveis per la gesti\u00f3 i vigil\u00e0ncia del p\u00e0rquing<\/strong>\u00a0de bicicletes.<\/span><\/p>\n<p style=\"text-align: left;\"><span style=\"color: #000000;\"><strong><a style=\"color: #000000;\" href=\"http:\/\/www.formacioitreball.org\/\" target=\"_blank\" rel=\"noopener\">www.formacioitreball.org\/<\/a><\/strong><\/span><\/p>\n<p><span style=\"color: #333333;\"><img loading=\"lazy\" decoding=\"async\" class=\"alignnone size-full wp-image-875 alignleft\" src=\"https:\/\/cyclolock.com\/wp-content\/uploads\/2016\/07\/IMG_4461-compressor.jpg\" alt=\"IMG_4461-compressor\" width=\"750\" height=\"563\" srcset=\"https:\/\/cyclolock.com\/wp-content\/uploads\/2016\/07\/IMG_4461-compressor.jpg 750w, https:\/\/cyclolock.com\/wp-content\/uploads\/2016\/07\/IMG_4461-compressor-768x576.jpg 768w\" sizes=\"auto, (max-width: 750px) 100vw, 750px\" \/><\/span>[\/vc_toggle][\/vc_column][vc_column width=&#8221;1\/3&#8243;][vc_single_image image=&#8221;3219&#8243; img_size=&#8221;200&#215;143&#8243; alignment=&#8221;center&#8221;][vc_toggle title=&#8221;Inclusi\u00f3 social&#8221; style=&#8221;simple&#8221; el_id=&#8221;1479890516154-9e6563c6-ae5b&#8221; el_class=&#8221;title-collaboration&#8221;]<strong>GATS, o Grups Associats pel treball social, cultural, comunitari i ambiental<\/strong>, \u00e9s una <strong>associaci\u00f3 sense \u00e0nim de lucre<\/strong> que forma part de l&#8217;<strong>Ecosistema d&#8217;ESS del Baix Llobregat<\/strong>. El seu objectiu \u00e9s <strong>crear i proporcionar eines per aconseguir la inclusi\u00f3 social de les persones en risc o que pateixen exclusi\u00f3 social<\/strong> al Baix Llobregat.<\/p>\n<p>Cyclolock ha col\u00b7laborat amb <strong>GATS<\/strong> en la <strong>contractaci\u00f3 de serveis per a la gesti\u00f3 i la vigil\u00e0ncia de l&#8217;aparcament<\/strong> de bicicletes a les platges d&#8217;El Prat de Llobregat i en esdeveniments com La Fira Av\u00edcola.<\/p>\n<p><a href=\"https:\/\/www.gats.cat\/\"><strong>https:\/\/www.gats.cat\/<\/strong><\/a><\/p>\n<p><img loading=\"lazy\" decoding=\"async\" class=\"\" src=\"https:\/\/pbs.twimg.com\/media\/ELvL2CNXkAAOf-K.jpg\" alt=\"Cyclolock Parking de bicicletas (@Cyclolockevents) \/ Posts \/ X\" width=\"601\" height=\"601\" \/>[\/vc_toggle][\/vc_column][\/vc_row][vc_row css=&#8221;.vc_custom_1684870997132{margin-top: 0px !important;margin-bottom: 70px !important;}&#8221;][vc_column width=&#8221;1\/3&#8243;][vc_single_image image=&#8221;3222&#8243; img_size=&#8221;200&#215;143&#8243; alignment=&#8221;center&#8221;][vc_toggle title=&#8221;Cooperativa de iniciativa social&#8221; style=&#8221;simple&#8221; el_class=&#8221;title-collaboration&#8221;]<strong>Taller Jeroni de Moragas<\/strong> \u00e9s una <strong>cooperativa d&#8217;iniciativa social<\/strong> de Sant Cugat l&#8217;objectiu de la qual \u00e9s <strong>oferir serveis destinats a la inclusi\u00f3 social i laboral<\/strong> d&#8217;adults amb discapacitats intel\u00b7lectuals, trastorns de salut mental i trastorns de l&#8217;espectre autista (TEA).<\/p>\n<p>Cyclolock ha col\u00b7laborat amb <strong>Taller Jeroni de Moragas<\/strong> en la <strong>contractaci\u00f3 de serveis per a la gesti\u00f3 i la vigil\u00e0ncia d&#8217;aparcaments<\/strong> de bicicletes per a l&#8217;Ajuntament de Sant Cugat.<\/p>\n<p><a href=\"https:\/\/jmoragas.org\/\"><strong>https:\/\/jmoragas.org\/<\/strong><\/a><\/p>\n<p><img loading=\"lazy\" decoding=\"async\" class=\"alignnone wp-image-3223\" src=\"https:\/\/cyclolock.com\/wp-content\/uploads\/2026\/02\/Sant-Cugat.png\" sizes=\"auto, (max-width: 544px) 100vw, 544px\" srcset=\"https:\/\/cyclolock.com\/wp-content\/uploads\/2026\/02\/Sant-Cugat.png 560w, https:\/\/cyclolock.com\/wp-content\/uploads\/2026\/02\/Sant-Cugat-295x300.png 295w, https:\/\/cyclolock.com\/wp-content\/uploads\/2026\/02\/Sant-Cugat-320x326.png 320w, https:\/\/cyclolock.com\/wp-content\/uploads\/2026\/02\/Sant-Cugat-480x489.png 480w\" alt=\"\" width=\"544\" height=\"554\" \/><\/p>\n[\/vc_toggle][\/vc_column][vc_column width=&#8221;1\/3&#8243;][vc_single_image image=&#8221;1213&#8243; img_size=&#8221;200&#215;143&#8243; alignment=&#8221;center&#8221;][vc_toggle title=&#8221;Promoci\u00f3 de la bicicleta&#8221; style=&#8221;simple&#8221; el_class=&#8221;title-collaboration&#8221;]<span style=\"color: #333333;\">Biciclot \u00e9s una cooperativa de treball que <strong>promou la bicicleta com a mitj\u00e0 de transport ecol\u00f2gic<\/strong>, <strong>econ\u00f2mic, saludable i per una mobilitat sostenible<\/strong>.<\/span><\/p>\n<p><span style=\"color: #333333;\">Els seus <strong>serveis son molt amplis<\/strong> i van des des tallers oberts de de formaci\u00f3 mec\u00e0nica i autoreparaci\u00f3 (Espai Rebiciclem), centre de\u00a0 formaci\u00f3 ocupacional\u00a0 amb escola-taller de bicis,\u00a0 botiga de bicicletes recuperades, a\u00a0 escola de bici per a adults o serveis a entitats com tallers de circulaci\u00f3 segura i dinamitzaci\u00f3 de la mobilitat sostenible a empreses, amb flotes i formaci\u00f3, personalitzades.<\/span><\/p>\n<p><span style=\"color: #333333;\">Amb la col\u00b7laboraci\u00f3 amb Biciclot proposem <strong>un taller m\u00f2bil de reparacions b\u00e0siques de bicicletes i Punt d\u2019Inspecci\u00f3 T\u00e8cnica de Bicicletes (ITB)<\/strong>, all\u00e0 on ens instal\u00b7lem amb el p\u00e0rquing de bicicletes.<\/span><\/p>\n<p><span style=\"color: #333333;\">Tamb\u00e9 oferim tallers de mec\u00e0nica, circuit infantil de circulaci\u00f3 vial, proves d\u2019habilitat en bici, lloguer i transport de bicicletes.<\/span><\/p>\n<p><span style=\"color: #000000;\"><strong><a style=\"color: #000000;\" href=\"http:\/\/www.biciclot.coop\/\" target=\"_blank\" rel=\"noopener\">http:\/\/www.biciclot.coop\/<\/a><\/strong><\/span><\/p>\n<p><img loading=\"lazy\" decoding=\"async\" class=\"alignnone size-full wp-image-1304\" src=\"https:\/\/cyclolock.com\/wp-content\/uploads\/2016\/11\/BICIEVENTS-punt-info-mobil.jpg\" alt=\"BICIEVENTS-punt-info-mobil\" width=\"640\" height=\"480\" srcset=\"https:\/\/cyclolock.com\/wp-content\/uploads\/2016\/11\/BICIEVENTS-punt-info-mobil.jpg 640w, https:\/\/cyclolock.com\/wp-content\/uploads\/2016\/11\/BICIEVENTS-punt-info-mobil-768x576.jpg 768w\" sizes=\"auto, (max-width: 640px) 100vw, 640px\" \/>[\/vc_toggle][\/vc_column][vc_column width=&#8221;1\/3&#8243;][vc_single_image image=&#8221;1301&#8243; img_size=&#8221;200&#215;143&#8243; alignment=&#8221;center&#8221;][vc_toggle title=&#8221;Goldsprints: pedala com mai!&#8221; style=&#8221;simple&#8221; el_class=&#8221;title-collaboration&#8221;]<span style=\"color: #333333;\">Qu\u00e8 \u00e9s un <strong>goldsprint<\/strong>? Dues bicicletes anclades que competeixen entre s\u00ed a una dist\u00e0ncia pactada.<\/span><br \/>\n<span style=\"color: #333333;\">Una <strong>acci\u00f3 molt divertida amb bicicletes ideal dinamitzar i activar accions comercials<\/strong> als punts de venda, esdeveniments, fires, retail, inauguracions, accions singulars \u2026<\/span><\/p>\n<p><strong><span style=\"color: #333333;\"><a style=\"color: #333333;\" href=\"http:\/\/www.thehamsters.bike\/\">www.thehamsters.bike<\/a><\/span><\/strong><br \/>\n<span style=\"color: #000000;\"><strong>@thehamstersbike Fbk Instagram<\/strong><\/span><\/p>\n<p style=\"text-align: left;\"><img loading=\"lazy\" decoding=\"async\" class=\"alignnone size-full wp-image-1302\" src=\"https:\/\/cyclolock.com\/wp-content\/uploads\/2016\/11\/foto-2-1-300x225.jpg\" alt=\"foto-2-1-300x225\" width=\"300\" height=\"225\" srcset=\"https:\/\/cyclolock.com\/wp-content\/uploads\/2016\/11\/foto-2-1-300x225.jpg 300w, https:\/\/cyclolock.com\/wp-content\/uploads\/2016\/11\/foto-2-1-300x225-768x576.jpg 768w\" sizes=\"auto, (max-width: 300px) 100vw, 300px\" \/><\/p>\n[\/vc_toggle][\/vc_column][\/vc_row][vc_row css=&#8221;.vc_custom_1479483676001{margin-top: 70px !important;margin-bottom: 70px !important;}&#8221;][vc_column width=&#8221;1\/3&#8243;][vc_single_image image=&#8221;1309&#8243; img_size=&#8221;200&#215;143&#8243; alignment=&#8221;center&#8221;][vc_toggle title=&#8221;Bici diversi\u00f3&#8221; style=&#8221;simple&#8221; el_id=&#8221;1479890554430-6c60d3f1-d0c2&#8243; el_class=&#8221;title-collaboration&#8221;]<span style=\"color: #333333;\">Circ de Jocs es la suma de molta gent amb ganes de jugar i crear, explorant <strong>espais de diversi\u00f3 i aprenentatge<\/strong>.<\/span><\/p>\n<p><span style=\"color: #333333;\">A Circ de Jocs ofereixen <strong>tallers, animacions, titelles, cercaviles, teatre de carrer i altres activitats<\/strong> tant\u00a0 per a nens i nenes com per a joves, adults i grans.<\/span><\/p>\n<p><span style=\"color: #333333;\">Circ de Jocs i Cyclolock col\u00b7laborem en la creaci\u00f3 de <strong>Bici Activitats<\/strong>: Activitats dirigides a nens i pares per <strong>fomentar la mobilitat ciclista ajudant als nens a experimentar i aprendre a trav\u00e9s del moviment<\/strong>, alhora que es diverteixen.<\/span><\/p>\n<p><span style=\"color: #000000;\"><strong><a style=\"color: #000000;\" href=\"http:\/\/www.circdejocs.jimdo.com\">www.circdejocs.jimdo.com<\/a><\/strong><\/span><\/p>\n<p><img loading=\"lazy\" decoding=\"async\" class=\"alignnone size-full wp-image-1313\" src=\"https:\/\/cyclolock.com\/wp-content\/uploads\/2016\/11\/jocs-tradicionals-bici-web.jpg\" alt=\"jocs-tradicionals bici web\" width=\"640\" height=\"428\" srcset=\"https:\/\/cyclolock.com\/wp-content\/uploads\/2016\/11\/jocs-tradicionals-bici-web.jpg 640w, https:\/\/cyclolock.com\/wp-content\/uploads\/2016\/11\/jocs-tradicionals-bici-web-768x513.jpg 768w\" sizes=\"auto, (max-width: 640px) 100vw, 640px\" \/>[\/vc_toggle][\/vc_column][vc_column width=&#8221;1\/3&#8243;][vc_single_image image=&#8221;1316&#8243; img_size=&#8221;200&#215;143&#8243; alignment=&#8221;center&#8221;][vc_toggle title=&#8221;Publicitat en moviment&#8221; style=&#8221;simple&#8221; el_id=&#8221;1479890554672-a134ae1a-d9db&#8221; el_class=&#8221;title-collaboration&#8221;]<span style=\"color: #333333;\">Partint del dinamisme com a base d\u2019innovaci\u00f3, Smow es un nou sistema d\u2019escenificaci\u00f3 basat en el desplegament d\u2019uns <strong>p\u00e8nduls personalitzables de gran format que oscil\u00b7len coordinadament<\/strong>.<\/span><\/p>\n<p><span style=\"color: #333333;\"><strong>Dona visibilitat a la teva marca a fires, concerts, celebracions i esdeveniments de tot tipus. <\/strong><\/span><\/p>\n<p><span style=\"color: #333333;\">Coreografies programables, Indoor\/outdoor, f\u00e0cil muntatge, missatge o element decoratiu personalizable.<\/span><\/p>\n<p><span style=\"color: #000000;\"><a style=\"color: #000000;\" href=\"http:\/\/www.smow-events.com\"><strong>http:\/\/www.smow-events.com<\/strong><\/a><\/span><\/p>\n<p><img loading=\"lazy\" decoding=\"async\" class=\"alignnone size-full wp-image-1318\" src=\"https:\/\/cyclolock.com\/wp-content\/uploads\/2016\/11\/Imatge-smow-web.jpg\" alt=\"Imatge smow web\" width=\"640\" height=\"421\" srcset=\"https:\/\/cyclolock.com\/wp-content\/uploads\/2016\/11\/Imatge-smow-web.jpg 640w, https:\/\/cyclolock.com\/wp-content\/uploads\/2016\/11\/Imatge-smow-web-768x505.jpg 768w\" sizes=\"auto, (max-width: 640px) 100vw, 640px\" \/>[\/vc_toggle][\/vc_column][\/vc_row]\n<\/section>","protected":false},"excerpt":{"rendered":"<p>[vc_row full_width=&#8221;stretch_row&#8221; css=&#8221;.vc_custom_1732537486218{background-color: #383d3d !important;}&#8221;][vc_column][vc_custom_heading source=&#8221;post_title&#8221; font_container=&#8221;tag:h1|text_align:left|color:%23ffffff|line_height:2&#8243; google_fonts=&#8221;font_family:ABeeZee%3Aregular%2Citalic|font_style:400%20regular%3A400%3Anormal&#8221;][\/vc_column][\/vc_row][vc_row][vc_column][vc_row_inner][vc_column_inner][vc_column_text] Cyclolock som una empresa emergent constitu\u00efda per dos companys de prim\u00e0ria que, retrobats despr\u00e9s de 20 anys, ens hem animat en un&#8230;<\/p>\n","protected":false},"author":2,"featured_media":0,"parent":0,"menu_order":22,"comment_status":"closed","ping_status":"closed","template":"","meta":{"_acf_changed":false,"footnotes":""},"class_list":["post-1091","page","type-page","status-publish"],"acf":[],"_links":{"self":[{"href":"https:\/\/cyclolock.com\/ca\/wp-json\/wp\/v2\/pages\/1091","targetHints":{"allow":["GET"]}}],"collection":[{"href":"https:\/\/cyclolock.com\/ca\/wp-json\/wp\/v2\/pages"}],"about":[{"href":"https:\/\/cyclolock.com\/ca\/wp-json\/wp\/v2\/types\/page"}],"author":[{"embeddable":true,"href":"https:\/\/cyclolock.com\/ca\/wp-json\/wp\/v2\/users\/2"}],"replies":[{"embeddable":true,"href":"https:\/\/cyclolock.com\/ca\/wp-json\/wp\/v2\/comments?post=1091"}],"version-history":[{"count":73,"href":"https:\/\/cyclolock.com\/ca\/wp-json\/wp\/v2\/pages\/1091\/revisions"}],"predecessor-version":[{"id":3249,"href":"https:\/\/cyclolock.com\/ca\/wp-json\/wp\/v2\/pages\/1091\/revisions\/3249"}],"wp:attachment":[{"href":"https:\/\/cyclolock.com\/ca\/wp-json\/wp\/v2\/media?parent=1091"}],"curies":[{"name":"wp","href":"https:\/\/api.w.org\/{rel}","templated":true}]}}